{"id":73,"date":"2024-09-17T15:00:55","date_gmt":"2024-09-17T15:00:55","guid":{"rendered":"https:\/\/simonjohn.ch\/?page_id=73"},"modified":"2024-12-19T10:30:47","modified_gmt":"2024-12-19T10:30:47","slug":"ueber-mich","status":"publish","type":"page","link":"https:\/\/simonjohn.ch\/index.php\/ueber-mich\/","title":{"rendered":"\u00dcber mich"},"content":{"rendered":"\n<figure class=\"wp-block-image alignright size-full is-resized\"><img fetchpriority=\"high\" decoding=\"async\" width=\"768\" height=\"1024\" src=\"https:\/\/simonjohn.ch\/wp-content\/uploads\/2024\/09\/itsme4.jpg\" alt=\"\" class=\"wp-image-76\" style=\"width:259px;height:auto\" srcset=\"https:\/\/simonjohn.ch\/wp-content\/uploads\/2024\/09\/itsme4.jpg 768w, https:\/\/simonjohn.ch\/wp-content\/uploads\/2024\/09\/itsme4-225x300.jpg 225w\" sizes=\"(max-width: 768px) 100vw, 768px\" \/><\/figure>\n\n\n\n<h2 class=\"wp-block-heading\"><strong>Backstage in der Medizin<\/strong><\/h2>\n\n\n\n<p>Als Journalist m\u00f6chte ich erreichen, was mich auch als Leser an Texten begeistert: Wenn ich eine Welt betrete, die mir ansonsten verschlossen bleibt. Wenn ich ber\u00fchrt werde, etwas lerne und erfahre.<\/p>\n\n\n\n<p>Die Medizin ist eine solche verschlossene Welt, sie ist komplex, voller R\u00e4tsel und Backstage-Bereiche. Dennoch betrifft sie uns alle, manchmal in unseren schwersten Momenten. Wir sind abh\u00e4ngig, es entsteht ein Informations- und Machtgef\u00e4lle. Hier ist journalistische Arbeit unverzichtbar und vielleicht \u2014 so hoffe ich \u2014 besonders sinnvoll von einem Journalisten, der zugleich Fachperson ist.<\/p>\n\n\n\n<h2 class=\"wp-block-heading\"><strong>Allgemeinarzt<\/strong><\/h2>\n\n\n\n<p>Ich durfte vor kurzem meine Ausbildung zum Hausarzt abschliessen. Diese f\u00fchrte mich in der Allgemeinen Inneren Medizin mit Spital- und Notfallmedizin auch in die Kinder- und Altersmedizin, bis hin zur Versorgung von H\u00e4ftlingen. Der Schwerpunkt meiner Erfahrung und Pr\u00e4ferenz liegt im ambulanten Bereich, wo ich Patienten l\u00e4nger begleite oder dringende Probleme anpacke, ob Mittelohren- oder Nierenbeckenentz\u00fcndung, Panikattacke oder Lagerungsschwindel.<\/p>\n\n\n\n<h2 class=\"wp-block-heading\"><strong>Ethische Pflichten als Journalist und Arzt<\/strong><\/h2>\n\n\n\n<p>Als Journalist halte ich mich an die <a href=\"https:\/\/presserat.ch\/journalistenkodex\/erklaerung\/\" target=\"_blank\" rel=\"noreferrer noopener\">Erkl\u00e4rung und Richtlinien des Schweizer Presserats<\/a>.<\/p>\n\n\n\n<p>Zwei Punkte m\u00f6chte ich hervorheben:<\/p>\n\n\n\n<ul class=\"wp-block-list\">\n<li>Journalisten (\u2026) geben die Quellen vertraulicher Informationen nicht preis.<\/li>\n\n\n\n<li>\u00dcberwiegt das Interesse am Schutz der Privatsph\u00e4re das Interesse der \u00d6ffentlichkeit an einer identifizierenden Berichterstattung, ver\u00f6ffentlichen Journalistinnen und Journalisten weder Namen noch andere Angaben, welche die Identifikation einer Person durch Dritte erm\u00f6glichen, die nicht zu Familie, sozialem oder beruflichem Umfeld des Betroffenen geh\u00f6ren, also ausschliesslich durch die Medien informiert werden.<\/li>\n<\/ul>\n\n\n\n<p>Den zweiten Punkt m\u00f6chte ich erweitern:<\/p>\n\n\n\n<ul class=\"wp-block-list\">\n<li>Als Arzt bin ich dem Berufsgeheimnis verpflichtet, weshalb eine Berichterstattung \u00fcber Patienten oder Menschen, denen ich in meinem Arztberuf begegne, nur nach ausdr\u00fccklichem Einverst\u00e4ndnis m\u00f6glich ist. <\/li>\n\n\n\n<li>Wo dieses Einverst\u00e4ndnis nicht eingeholt werden kann, ver\u00e4ndere ich Beschreibungen von Personen und Ereignissen soweit, dass eine Identifizierung ausgeschlossen ist.<\/li>\n<\/ul>\n\n\n\n<p><\/p>\n","protected":false},"excerpt":{"rendered":"<p>Backstage in der Medizin Als Journalist m\u00f6chte ich erreichen, was mich auch als Leser an Texten begeistert: Wenn ich eine Welt betrete, die mir ansonsten verschlossen bleibt. Wenn ich ber\u00fchrt werde, etwas lerne und erfahre. Die Medizin ist eine solche verschlossene Welt, sie ist komplex, voller R\u00e4tsel und Backstage-Bereiche. Dennoch betrifft sie uns alle, manchmal [&hellip;]<\/p>\n","protected":false},"author":1,"featured_media":0,"parent":0,"menu_order":0,"comment_status":"closed","ping_status":"closed","template":"","meta":{"footnotes":""},"class_list":["post-73","page","type-page","status-publish","hentry"],"_links":{"self":[{"href":"https:\/\/simonjohn.ch\/index.php\/wp-json\/wp\/v2\/pages\/73","targetHints":{"allow":["GET"]}}],"collection":[{"href":"https:\/\/simonjohn.ch\/index.php\/wp-json\/wp\/v2\/pages"}],"about":[{"href":"https:\/\/simonjohn.ch\/index.php\/wp-json\/wp\/v2\/types\/page"}],"author":[{"embeddable":true,"href":"https:\/\/simonjohn.ch\/index.php\/wp-json\/wp\/v2\/users\/1"}],"replies":[{"embeddable":true,"href":"https:\/\/simonjohn.ch\/index.php\/wp-json\/wp\/v2\/comments?post=73"}],"version-history":[{"count":8,"href":"https:\/\/simonjohn.ch\/index.php\/wp-json\/wp\/v2\/pages\/73\/revisions"}],"predecessor-version":[{"id":125,"href":"https:\/\/simonjohn.ch\/index.php\/wp-json\/wp\/v2\/pages\/73\/revisions\/125"}],"wp:attachment":[{"href":"https:\/\/simonjohn.ch\/index.php\/wp-json\/wp\/v2\/media?parent=73"}],"curies":[{"name":"wp","href":"https:\/\/api.w.org\/{rel}","templated":true}]}}